{"id":828,"date":"2024-08-25T15:56:03","date_gmt":"2024-08-25T20:56:03","guid":{"rendered":"https:\/\/iepvaguacari.edu.co\/?page_id=828"},"modified":"2024-08-27T16:24:08","modified_gmt":"2024-08-27T21:24:08","slug":"3-planeacion","status":"publish","type":"page","link":"https:\/\/iepvaguacari.edu.co\/?page_id=828","title":{"rendered":"3. Planeaci\u00f3n"},"content":{"rendered":"\t\t<div data-elementor-type=\"wp-page\" data-elementor-id=\"828\" class=\"elementor elementor-828\">\n\t\t\t\t\t\t<section class=\"elementor-section elementor-top-section elementor-element elementor-element-b2f57be elementor-section-boxed elementor-section-height-default elementor-section-height-default\" data-id=\"b2f57be\" data-element_type=\"section\" data-e-type=\"section\">\n\t\t\t\t\t\t<div class=\"elementor-container elementor-column-gap-default\">\n\t\t\t\t\t<div class=\"elementor-column elementor-col-100 elementor-top-column elementor-element elementor-element-4472891\" data-id=\"4472891\" data-element_type=\"column\" data-e-type=\"column\">\n\t\t\t<div class=\"elementor-widget-wrap elementor-element-populated\">\n\t\t\t\t\t\t<div class=\"elementor-element elementor-element-f01cded elementor-widget elementor-widget-heading\" data-id=\"f01cded\" data-element_type=\"widget\" data-e-type=\"widget\" data-widget_type=\"heading.default\">\n\t\t\t\t<div class=\"elementor-widget-container\">\n\t\t\t\t\t<h2 class=\"elementor-heading-title elementor-size-default\">3.1. Informe sobre Defensa P\u00fablica y Prevenci\u00f3n del Da\u00f1o Antijuridico<\/h2>\t\t\t\t<\/div>\n\t\t\t\t<\/div>\n\t\t\t\t<div class=\"elementor-element elementor-element-6e069c3 elementor-widget elementor-widget-text-editor\" data-id=\"6e069c3\" data-element_type=\"widget\" data-e-type=\"widget\" data-widget_type=\"text-editor.default\">\n\t\t\t\t<div class=\"elementor-widget-container\">\n\t\t\t\t\t\t\t\t\t<p><a href=\"https:\/\/ekogui.defensajuridica.gov.co\/Pages\/NEW\/index.aspx\">https:\/\/ekogui.defensajuridica.gov.co\/Pages\/NEW\/index.aspx<\/a><\/p>\t\t\t\t\t\t\t\t<\/div>\n\t\t\t\t<\/div>\n\t\t\t\t<div class=\"elementor-element elementor-element-df2d146 elementor-widget elementor-widget-heading\" data-id=\"df2d146\" data-element_type=\"widget\" data-e-type=\"widget\" data-widget_type=\"heading.default\">\n\t\t\t\t<div class=\"elementor-widget-container\">\n\t\t\t\t\t<h2 class=\"elementor-heading-title elementor-size-default\">3.2\n. Presupuesto General de Ingresos, Gastos e Inversi\u00f3n<\/h2>\t\t\t\t<\/div>\n\t\t\t\t<\/div>\n\t\t\t\t<div class=\"elementor-element elementor-element-6a73c02 elementor-widget elementor-widget-pdf_viewer\" data-id=\"6a73c02\" data-element_type=\"widget\" data-e-type=\"widget\" data-widget_type=\"pdf_viewer.default\">\n\t\t\t\t<div class=\"elementor-widget-container\">\n\t\t\t\t\t<iframe src=\"https:\/\/docs.google.com\/viewer?url=https:\/\/iepvaguacari.edu.co\/wp-content\/uploads\/2024\/08\/Acuerdo-de-Presupuesto-Aprobado-2024-IE-PEDRO-VICENTE-ABADIA.pdf&amp;embedded=true\" style=\"display: block; margin-left: auto; margin-right: auto; width: 640px; height: 1020px;\" frameborder=\"1\" marginheight=\"0px\" marginwidth=\"0px\" allowfullscreen><\/iframe>\t\t\t\t<\/div>\n\t\t\t\t<\/div>\n\t\t\t\t\t<\/div>\n\t\t<\/div>\n\t\t\t\t\t<\/div>\n\t\t<\/section>\n\t\t\t\t<section class=\"elementor-section elementor-top-section elementor-element elementor-element-7f59d84 elementor-section-boxed elementor-section-height-default elementor-section-height-default\" data-id=\"7f59d84\" data-element_type=\"section\" data-e-type=\"section\">\n\t\t\t\t\t\t<div class=\"elementor-container elementor-column-gap-default\">\n\t\t\t\t\t<div class=\"elementor-column elementor-col-100 elementor-top-column elementor-element elementor-element-280b68f\" data-id=\"280b68f\" data-element_type=\"column\" data-e-type=\"column\">\n\t\t\t<div class=\"elementor-widget-wrap elementor-element-populated\">\n\t\t\t\t\t\t<div class=\"elementor-element elementor-element-0383510 elementor-widget elementor-widget-text-editor\" data-id=\"0383510\" data-element_type=\"widget\" data-e-type=\"widget\" data-widget_type=\"text-editor.default\">\n\t\t\t\t<div class=\"elementor-widget-container\">\n\t\t\t\t\t\t\t\t\t<p><a href=\"https:\/\/drive.google.com\/file\/d\/13oZSPbrwIm9ZmnMYPekuig5MXjWLWtGY\/view?usp=drive_link\">https:\/\/drive.google.com\/file\/d\/13oZSPbrwIm9ZmnMYPekuig5MXjWLWtGY\/view?usp=drive_link<\/a><\/p>\t\t\t\t\t\t\t\t<\/div>\n\t\t\t\t<\/div>\n\t\t\t\t\t<\/div>\n\t\t<\/div>\n\t\t\t\t\t<\/div>\n\t\t<\/section>\n\t\t\t\t<section class=\"elementor-section elementor-top-section elementor-element elementor-element-861a23f elementor-section-boxed elementor-section-height-default elementor-section-height-default\" data-id=\"861a23f\" data-element_type=\"section\" data-e-type=\"section\">\n\t\t\t\t\t\t<div class=\"elementor-container elementor-column-gap-default\">\n\t\t\t\t\t<div class=\"elementor-column elementor-col-100 elementor-top-column elementor-element elementor-element-c345661\" data-id=\"c345661\" data-element_type=\"column\" data-e-type=\"column\">\n\t\t\t<div class=\"elementor-widget-wrap elementor-element-populated\">\n\t\t\t\t\t\t<div class=\"elementor-element elementor-element-7b47c75 elementor-widget elementor-widget-heading\" data-id=\"7b47c75\" data-element_type=\"widget\" data-e-type=\"widget\" data-widget_type=\"heading.default\">\n\t\t\t\t<div class=\"elementor-widget-container\">\n\t\t\t\t\t<h2 class=\"elementor-heading-title elementor-size-default\">3.3. Ejecuci\u00f3n Presupuestal<\/h2>\t\t\t\t<\/div>\n\t\t\t\t<\/div>\n\t\t\t\t<div class=\"elementor-element elementor-element-5c72184 elementor-widget elementor-widget-pdf_viewer\" data-id=\"5c72184\" data-element_type=\"widget\" data-e-type=\"widget\" data-widget_type=\"pdf_viewer.default\">\n\t\t\t\t<div class=\"elementor-widget-container\">\n\t\t\t\t\t<iframe src=\"https:\/\/docs.google.com\/viewer?url=https:\/\/iepvaguacari.edu.co\/wp-content\/uploads\/2024\/08\/Ejecucion-Presupuesto-a-Agosto-2024.pdf&amp;embedded=true\" style=\"display: block; margin-left: auto; margin-right: auto; width: 640px; height: 1020px;\" frameborder=\"1\" marginheight=\"0px\" marginwidth=\"0px\" allowfullscreen><\/iframe>\t\t\t\t<\/div>\n\t\t\t\t<\/div>\n\t\t\t\t\t<\/div>\n\t\t<\/div>\n\t\t\t\t\t<\/div>\n\t\t<\/section>\n\t\t\t\t<section class=\"elementor-section elementor-top-section elementor-element elementor-element-6f2fef6 elementor-section-boxed elementor-section-height-default elementor-section-height-default\" data-id=\"6f2fef6\" data-element_type=\"section\" data-e-type=\"section\">\n\t\t\t\t\t\t<div class=\"elementor-container elementor-column-gap-default\">\n\t\t\t\t\t<div class=\"elementor-column elementor-col-100 elementor-top-column elementor-element elementor-element-5fc4f98\" data-id=\"5fc4f98\" data-element_type=\"column\" data-e-type=\"column\">\n\t\t\t<div class=\"elementor-widget-wrap elementor-element-populated\">\n\t\t\t\t\t\t<div class=\"elementor-element elementor-element-6264016 elementor-widget elementor-widget-text-editor\" data-id=\"6264016\" data-element_type=\"widget\" data-e-type=\"widget\" data-widget_type=\"text-editor.default\">\n\t\t\t\t<div class=\"elementor-widget-container\">\n\t\t\t\t\t\t\t\t\t<p><a href=\"https:\/\/drive.google.com\/file\/d\/18ZlsUV2xGo1VBWejNwZZqKaibEPJcXJT\/view?usp=drive_link\">https:\/\/drive.google.com\/file\/d\/18ZlsUV2xGo1VBWejNwZZqKaibEPJcXJT\/view?usp=drive_link<\/a>\u00a0 \u00a0 A\u00f1o 2024<\/p><p><a href=\"https:\/\/drive.google.com\/file\/d\/1d7C-u1wOQTHArSudhNErvoUtXsb7zdI6\/view?usp=drive_link\">https:\/\/drive.google.com\/file\/d\/1d7C-u1wOQTHArSudhNErvoUtXsb7zdI6\/view?usp=drive_link<\/a>\u00a0 A\u00f1o 2023<\/p><p>\u00a0<\/p>\t\t\t\t\t\t\t\t<\/div>\n\t\t\t\t<\/div>\n\t\t\t\t\t<\/div>\n\t\t<\/div>\n\t\t\t\t\t<\/div>\n\t\t<\/section>\n\t\t\t\t<section class=\"elementor-section elementor-top-section elementor-element elementor-element-7d54ecd elementor-section-boxed elementor-section-height-default elementor-section-height-default\" data-id=\"7d54ecd\" data-element_type=\"section\" data-e-type=\"section\">\n\t\t\t\t\t\t<div class=\"elementor-container elementor-column-gap-default\">\n\t\t\t\t\t<div class=\"elementor-column elementor-col-100 elementor-top-column elementor-element elementor-element-2e47679\" data-id=\"2e47679\" data-element_type=\"column\" data-e-type=\"column\">\n\t\t\t<div class=\"elementor-widget-wrap elementor-element-populated\">\n\t\t\t\t\t\t<div class=\"elementor-element elementor-element-1f8af28 elementor-widget elementor-widget-heading\" data-id=\"1f8af28\" data-element_type=\"widget\" data-e-type=\"widget\" data-widget_type=\"heading.default\">\n\t\t\t\t<div class=\"elementor-widget-container\">\n\t\t\t\t\t<h2 class=\"elementor-heading-title elementor-size-default\">3.4. Plan de Acci\u00f3n de Rector\u00eda<\/h2>\t\t\t\t<\/div>\n\t\t\t\t<\/div>\n\t\t\t\t\t<\/div>\n\t\t<\/div>\n\t\t\t\t\t<\/div>\n\t\t<\/section>\n\t\t\t\t<section class=\"elementor-section elementor-top-section elementor-element elementor-element-3eac8d4 elementor-section-boxed elementor-section-height-default elementor-section-height-default\" data-id=\"3eac8d4\" data-element_type=\"section\" data-e-type=\"section\">\n\t\t\t\t\t\t<div class=\"elementor-container elementor-column-gap-default\">\n\t\t\t\t\t<div class=\"elementor-column elementor-col-100 elementor-top-column elementor-element elementor-element-59b0945\" data-id=\"59b0945\" data-element_type=\"column\" data-e-type=\"column\">\n\t\t\t<div class=\"elementor-widget-wrap elementor-element-populated\">\n\t\t\t\t\t\t<div class=\"elementor-element elementor-element-9d1c520 elementor-widget elementor-widget-text-editor\" data-id=\"9d1c520\" data-element_type=\"widget\" data-e-type=\"widget\" data-widget_type=\"text-editor.default\">\n\t\t\t\t<div class=\"elementor-widget-container\">\n\t\t\t\t\t\t\t\t\t<p>INGRESAR ENLACE<\/p>\t\t\t\t\t\t\t\t<\/div>\n\t\t\t\t<\/div>\n\t\t\t\t\t<\/div>\n\t\t<\/div>\n\t\t\t\t\t<\/div>\n\t\t<\/section>\n\t\t\t\t<section class=\"elementor-section elementor-top-section elementor-element elementor-element-fafd095 elementor-section-boxed elementor-section-height-default elementor-section-height-default\" data-id=\"fafd095\" data-element_type=\"section\" data-e-type=\"section\">\n\t\t\t\t\t\t<div class=\"elementor-container elementor-column-gap-default\">\n\t\t\t\t\t<div class=\"elementor-column elementor-col-100 elementor-top-column elementor-element elementor-element-91f2e65\" data-id=\"91f2e65\" data-element_type=\"column\" data-e-type=\"column\">\n\t\t\t<div class=\"elementor-widget-wrap elementor-element-populated\">\n\t\t\t\t\t\t<div class=\"elementor-element elementor-element-3f7cf18 elementor-widget elementor-widget-heading\" data-id=\"3f7cf18\" data-element_type=\"widget\" data-e-type=\"widget\" data-widget_type=\"heading.default\">\n\t\t\t\t<div class=\"elementor-widget-container\">\n\t\t\t\t\t<h2 class=\"elementor-heading-title elementor-size-default\">3.5. Proyectos de Inversi\u00f3n POAI<\/h2>\t\t\t\t<\/div>\n\t\t\t\t<\/div>\n\t\t\t\t\t<\/div>\n\t\t<\/div>\n\t\t\t\t\t<\/div>\n\t\t<\/section>\n\t\t\t\t<section class=\"elementor-section elementor-top-section elementor-element elementor-element-94f4a99 elementor-section-boxed elementor-section-height-default elementor-section-height-default\" data-id=\"94f4a99\" data-element_type=\"section\" data-e-type=\"section\">\n\t\t\t\t\t\t<div class=\"elementor-container elementor-column-gap-default\">\n\t\t\t\t\t<div class=\"elementor-column elementor-col-100 elementor-top-column elementor-element elementor-element-c186726\" data-id=\"c186726\" data-element_type=\"column\" data-e-type=\"column\">\n\t\t\t<div class=\"elementor-widget-wrap elementor-element-populated\">\n\t\t\t\t\t\t<div class=\"elementor-element elementor-element-ddd6572 elementor-widget elementor-widget-pdf_viewer\" data-id=\"ddd6572\" data-element_type=\"widget\" data-e-type=\"widget\" data-widget_type=\"pdf_viewer.default\">\n\t\t\t\t<div class=\"elementor-widget-container\">\n\t\t\t\t\t<iframe src=\"https:\/\/docs.google.com\/viewer?url=https:\/\/iepvaguacari.edu.co\/wp-content\/uploads\/2024\/08\/POAI-2024-IE-PEDRO-VICENTE-ABADIA.pdf&amp;embedded=true\" style=\"display: block; margin-left: auto; margin-right: auto; width: 640px; height: 1020px;\" frameborder=\"1\" marginheight=\"0px\" marginwidth=\"0px\" allowfullscreen><\/iframe>\t\t\t\t<\/div>\n\t\t\t\t<\/div>\n\t\t\t\t<div class=\"elementor-element elementor-element-0c42812 elementor-widget elementor-widget-text-editor\" data-id=\"0c42812\" data-element_type=\"widget\" data-e-type=\"widget\" data-widget_type=\"text-editor.default\">\n\t\t\t\t<div class=\"elementor-widget-container\">\n\t\t\t\t\t\t\t\t\t<p><a href=\"https:\/\/drive.google.com\/file\/d\/1MSRdk5fN5ve97G9iKxIzQEtnw1nq8F9m\/view?usp=drive_link\">https:\/\/drive.google.com\/file\/d\/1MSRdk5fN5ve97G9iKxIzQEtnw1nq8F9m\/view?usp=drive_link<\/a>\u00a0 \u00a0A\u00f1o 2024<\/p><p><a href=\"https:\/\/drive.google.com\/file\/d\/1aXvU39npgBpMJGZe1Z2UGzIMFuGxXVJa\/view?usp=drive_link\">https:\/\/drive.google.com\/file\/d\/1aXvU39npgBpMJGZe1Z2UGzIMFuGxXVJa\/view?usp=drive_link<\/a>\u00a0 A\u00f1o 203<\/p>\t\t\t\t\t\t\t\t<\/div>\n\t\t\t\t<\/div>\n\t\t\t\t<div class=\"elementor-element elementor-element-ad22996 elementor-widget elementor-widget-heading\" data-id=\"ad22996\" data-element_type=\"widget\" data-e-type=\"widget\" data-widget_type=\"heading.default\">\n\t\t\t\t<div class=\"elementor-widget-container\">\n\t\t\t\t\t<h2 class=\"elementor-heading-title elementor-size-default\">3.6. Informes de gesti\u00f3n, evaluaci\u00f3n y auditor\u00eda<\/h2>\t\t\t\t<\/div>\n\t\t\t\t<\/div>\n\t\t\t\t\t<\/div>\n\t\t<\/div>\n\t\t\t\t\t<\/div>\n\t\t<\/section>\n\t\t\t\t<section class=\"elementor-section elementor-top-section elementor-element elementor-element-4b65f5e elementor-section-boxed elementor-section-height-default elementor-section-height-default\" data-id=\"4b65f5e\" data-element_type=\"section\" data-e-type=\"section\">\n\t\t\t\t\t\t<div class=\"elementor-container elementor-column-gap-default\">\n\t\t\t\t\t<div class=\"elementor-column elementor-col-100 elementor-top-column elementor-element elementor-element-c797ee7\" data-id=\"c797ee7\" data-element_type=\"column\" data-e-type=\"column\">\n\t\t\t<div class=\"elementor-widget-wrap elementor-element-populated\">\n\t\t\t\t\t\t<div class=\"elementor-element elementor-element-899df6b elementor-widget elementor-widget-heading\" data-id=\"899df6b\" data-element_type=\"widget\" data-e-type=\"widget\" data-widget_type=\"heading.default\">\n\t\t\t\t<div class=\"elementor-widget-container\">\n\t\t\t\t\t<h2 class=\"elementor-heading-title elementor-size-default\">3.6.1. Informes de Empalme<\/h2>\t\t\t\t<\/div>\n\t\t\t\t<\/div>\n\t\t\t\t<div class=\"elementor-element elementor-element-05d7ef4 elementor-widget elementor-widget-pdf_viewer\" data-id=\"05d7ef4\" data-element_type=\"widget\" data-e-type=\"widget\" data-widget_type=\"pdf_viewer.default\">\n\t\t\t\t<div class=\"elementor-widget-container\">\n\t\t\t\t\t<iframe src=\"https:\/\/docs.google.com\/viewer?url=https:\/\/iepvaguacari.edu.co\/wp-content\/uploads\/2024\/08\/ACTA-DE-ENTREGA-CARGO-RECTOR-1.pdf&amp;embedded=true\" style=\"display: block; margin-left: auto; margin-right: auto; width: 640px; height: 1020px;\" frameborder=\"1\" marginheight=\"0px\" marginwidth=\"0px\" allowfullscreen><\/iframe>\t\t\t\t<\/div>\n\t\t\t\t<\/div>\n\t\t\t\t\t<\/div>\n\t\t<\/div>\n\t\t\t\t\t<\/div>\n\t\t<\/section>\n\t\t\t\t<section class=\"elementor-section elementor-top-section elementor-element elementor-element-4d085d9 elementor-section-boxed elementor-section-height-default elementor-section-height-default\" data-id=\"4d085d9\" data-element_type=\"section\" data-e-type=\"section\">\n\t\t\t\t\t\t<div class=\"elementor-container elementor-column-gap-default\">\n\t\t\t\t\t<div class=\"elementor-column elementor-col-100 elementor-top-column elementor-element elementor-element-ba299b7\" data-id=\"ba299b7\" data-element_type=\"column\" data-e-type=\"column\">\n\t\t\t<div class=\"elementor-widget-wrap elementor-element-populated\">\n\t\t\t\t\t\t<div class=\"elementor-element elementor-element-b265948 elementor-widget elementor-widget-heading\" data-id=\"b265948\" data-element_type=\"widget\" data-e-type=\"widget\" data-widget_type=\"heading.default\">\n\t\t\t\t<div class=\"elementor-widget-container\">\n\t\t\t\t\t<h2 class=\"elementor-heading-title elementor-size-default\">3.7. Informes Trimestrales Sobre Acceso a Informaci\u00f3n, Quejas y Reclamos<\/h2>\t\t\t\t<\/div>\n\t\t\t\t<\/div>\n\t\t\t\t\t<\/div>\n\t\t<\/div>\n\t\t\t\t\t<\/div>\n\t\t<\/section>\n\t\t\t\t<section class=\"elementor-section elementor-top-section elementor-element elementor-element-102c583 elementor-section-boxed elementor-section-height-default elementor-section-height-default\" data-id=\"102c583\" data-element_type=\"section\" data-e-type=\"section\">\n\t\t\t\t\t\t<div class=\"elementor-container elementor-column-gap-default\">\n\t\t\t\t\t<div class=\"elementor-column elementor-col-100 elementor-top-column elementor-element elementor-element-463e582\" data-id=\"463e582\" data-element_type=\"column\" data-e-type=\"column\">\n\t\t\t<div class=\"elementor-widget-wrap elementor-element-populated\">\n\t\t\t\t\t\t<section class=\"elementor-section elementor-inner-section elementor-element elementor-element-586f947 elementor-section-boxed elementor-section-height-default elementor-section-height-default\" data-id=\"586f947\" data-element_type=\"section\" data-e-type=\"section\">\n\t\t\t\t\t\t<div class=\"elementor-container elementor-column-gap-default\">\n\t\t\t\t\t<div class=\"elementor-column elementor-col-50 elementor-inner-column elementor-element elementor-element-0129f6f\" data-id=\"0129f6f\" data-element_type=\"column\" data-e-type=\"column\">\n\t\t\t<div class=\"elementor-widget-wrap elementor-element-populated\">\n\t\t\t\t\t\t<div class=\"elementor-element elementor-element-f23d30f elementor-widget elementor-widget-text-editor\" data-id=\"f23d30f\" data-element_type=\"widget\" data-e-type=\"widget\" data-widget_type=\"text-editor.default\">\n\t\t\t\t<div class=\"elementor-widget-container\">\n\t\t\t\t\t\t\t\t\t<p><a href=\"https:\/\/drive.google.com\/file\/d\/13Wn25Xoqkl_CEI9AA_ZltEuTW3FEpe_I\/view?usp=drive_link\">https:\/\/drive.google.com\/file\/d\/13Wn25Xoqkl_CEI9AA_ZltEuTW3FEpe_I\/view?usp=drive_link<\/a>\u00a0<\/p><h2>SEGUNDO TRIMESTRE 2024<\/h2>\t\t\t\t\t\t\t\t<\/div>\n\t\t\t\t<\/div>\n\t\t\t\t\t<\/div>\n\t\t<\/div>\n\t\t\t\t<div class=\"elementor-column elementor-col-50 elementor-inner-column elementor-element elementor-element-469ad27\" data-id=\"469ad27\" data-element_type=\"column\" data-e-type=\"column\">\n\t\t\t<div class=\"elementor-widget-wrap elementor-element-populated\">\n\t\t\t\t\t\t<div class=\"elementor-element elementor-element-a56f450 elementor-widget elementor-widget-text-editor\" data-id=\"a56f450\" data-element_type=\"widget\" data-e-type=\"widget\" data-widget_type=\"text-editor.default\">\n\t\t\t\t<div class=\"elementor-widget-container\">\n\t\t\t\t\t\t\t\t\t<p><a href=\"https:\/\/drive.google.com\/file\/d\/1E1hAsXL_mWI5OgVSgIWGdF6JFSmTkw4Q\/view?usp=drive_link\">https:\/\/drive.google.com\/file\/d\/1E1hAsXL_mWI5OgVSgIWGdF6JFSmTkw4Q\/view?usp=drive_link<\/a><\/p><h2>PRIMER TRIMESTRE 2024<\/h2>\t\t\t\t\t\t\t\t<\/div>\n\t\t\t\t<\/div>\n\t\t\t\t\t<\/div>\n\t\t<\/div>\n\t\t\t\t\t<\/div>\n\t\t<\/section>\n\t\t\t\t\t<\/div>\n\t\t<\/div>\n\t\t\t\t\t<\/div>\n\t\t<\/section>\n\t\t\t\t<\/div>\n\t\t","protected":false},"excerpt":{"rendered":"<p>3.1. Informe sobre Defensa P\u00fablica y Prevenci\u00f3n del Da\u00f1o Antijuridico https:\/\/ekogui.defensajuridica.gov.co\/Pages\/NEW\/index.aspx 3.2 . Presupuesto General de Ingresos, Gastos e Inversi\u00f3n https:\/\/drive.google.com\/file\/d\/13oZSPbrwIm9ZmnMYPekuig5MXjWLWtGY\/view?usp=drive_link 3.3. Ejecuci\u00f3n Presupuestal https:\/\/drive.google.com\/file\/d\/18ZlsUV2xGo1VBWejNwZZqKaibEPJcXJT\/view?usp=drive_link\u00a0 \u00a0 A\u00f1o 2024 https:\/\/drive.google.com\/file\/d\/1d7C-u1wOQTHArSudhNErvoUtXsb7zdI6\/view?usp=drive_link\u00a0 A\u00f1o 2023 \u00a0 3.4. Plan de Acci\u00f3n de Rector\u00eda INGRESAR ENLACE 3.5. Proyectos de Inversi\u00f3n POAI https:\/\/drive.google.com\/file\/d\/1MSRdk5fN5ve97G9iKxIzQEtnw1nq8F9m\/view?usp=drive_link\u00a0 \u00a0A\u00f1o 2024 https:\/\/drive.google.com\/file\/d\/1aXvU39npgBpMJGZe1Z2UGzIMFuGxXVJa\/view?usp=drive_link\u00a0 A\u00f1o 203 3.6. Informes de gesti\u00f3n, [&hellip;]<\/p>\n","protected":false},"author":1,"featured_media":0,"parent":0,"menu_order":0,"comment_status":"closed","ping_status":"closed","template":"","meta":{"footnotes":""},"class_list":["post-828","page","type-page","status-publish","hentry"],"_links":{"self":[{"href":"https:\/\/iepvaguacari.edu.co\/index.php?rest_route=\/wp\/v2\/pages\/828","targetHints":{"allow":["GET"]}}],"collection":[{"href":"https:\/\/iepvaguacari.edu.co\/index.php?rest_route=\/wp\/v2\/pages"}],"about":[{"href":"https:\/\/iepvaguacari.edu.co\/index.php?rest_route=\/wp\/v2\/types\/page"}],"author":[{"embeddable":true,"href":"https:\/\/iepvaguacari.edu.co\/index.php?rest_route=\/wp\/v2\/users\/1"}],"replies":[{"embeddable":true,"href":"https:\/\/iepvaguacari.edu.co\/index.php?rest_route=%2Fwp%2Fv2%2Fcomments&post=828"}],"version-history":[{"count":49,"href":"https:\/\/iepvaguacari.edu.co\/index.php?rest_route=\/wp\/v2\/pages\/828\/revisions"}],"predecessor-version":[{"id":1265,"href":"https:\/\/iepvaguacari.edu.co\/index.php?rest_route=\/wp\/v2\/pages\/828\/revisions\/1265"}],"wp:attachment":[{"href":"https:\/\/iepvaguacari.edu.co\/index.php?rest_route=%2Fwp%2Fv2%2Fmedia&parent=828"}],"curies":[{"name":"wp","href":"https:\/\/api.w.org\/{rel}","templated":true}]}}