{"id":257,"date":"2021-04-09T16:31:50","date_gmt":"2021-04-09T16:31:50","guid":{"rendered":"https:\/\/iepvaguacari.edu.co\/?page_id=257"},"modified":"2026-05-11T16:15:35","modified_gmt":"2026-05-11T21:15:35","slug":"tiempo-libre","status":"publish","type":"page","link":"https:\/\/iepvaguacari.edu.co\/?page_id=257","title":{"rendered":"Tiempo Libre"},"content":{"rendered":"\t\t<div data-elementor-type=\"wp-page\" data-elementor-id=\"257\" class=\"elementor elementor-257\">\n\t\t\t\t\t\t<section class=\"elementor-section elementor-top-section elementor-element elementor-element-0e9a7ea elementor-section-boxed elementor-section-height-default elementor-section-height-default\" data-id=\"0e9a7ea\" data-element_type=\"section\" data-e-type=\"section\">\n\t\t\t\t\t\t<div class=\"elementor-container elementor-column-gap-default\">\n\t\t\t\t\t<div class=\"elementor-column elementor-col-100 elementor-top-column elementor-element elementor-element-3bce6fc\" data-id=\"3bce6fc\" data-element_type=\"column\" data-e-type=\"column\">\n\t\t\t<div class=\"elementor-widget-wrap elementor-element-populated\">\n\t\t\t\t\t\t<div class=\"elementor-element elementor-element-40bfc4e elementor-widget elementor-widget-heading\" data-id=\"40bfc4e\" data-element_type=\"widget\" data-e-type=\"widget\" data-widget_type=\"heading.default\">\n\t\t\t\t<div class=\"elementor-widget-container\">\n\t\t\t\t\t<h2 class=\"elementor-heading-title elementor-size-default\">JUEGOS INTERAULAS 2026<\/h2>\t\t\t\t<\/div>\n\t\t\t\t<\/div>\n\t\t\t\t\t<\/div>\n\t\t<\/div>\n\t\t\t\t\t<\/div>\n\t\t<\/section>\n\t\t\t\t<section class=\"elementor-section elementor-top-section elementor-element elementor-element-b1016aa elementor-section-boxed elementor-section-height-default elementor-section-height-default\" data-id=\"b1016aa\" data-element_type=\"section\" data-e-type=\"section\">\n\t\t\t\t\t\t<div class=\"elementor-container elementor-column-gap-default\">\n\t\t\t\t\t<div class=\"elementor-column elementor-col-100 elementor-top-column elementor-element elementor-element-116c72c\" data-id=\"116c72c\" data-element_type=\"column\" data-e-type=\"column\">\n\t\t\t<div class=\"elementor-widget-wrap elementor-element-populated\">\n\t\t\t\t\t\t<section class=\"elementor-section elementor-inner-section elementor-element elementor-element-6c7ee38 elementor-section-full_width elementor-section-height-default elementor-section-height-default\" data-id=\"6c7ee38\" data-element_type=\"section\" data-e-type=\"section\">\n\t\t\t\t\t\t<div class=\"elementor-container elementor-column-gap-default\">\n\t\t\t\t\t<div class=\"elementor-column elementor-col-50 elementor-inner-column elementor-element elementor-element-db0ab15\" data-id=\"db0ab15\" data-element_type=\"column\" data-e-type=\"column\">\n\t\t\t<div class=\"elementor-widget-wrap elementor-element-populated\">\n\t\t\t\t\t\t<div class=\"elementor-element elementor-element-1edc1ec elementor-widget elementor-widget-text-editor\" data-id=\"1edc1ec\" data-element_type=\"widget\" data-e-type=\"widget\" data-widget_type=\"text-editor.default\">\n\t\t\t\t<div class=\"elementor-widget-container\">\n\t\t\t\t\t\t\t\t\t<p>El pasado jueves 30 de abril, la Instituci\u00f3n Educativa Pedro Vicente Abad\u00eda dio inicio a los Juegos Inter Aulas 2026.<\/p><p>Este a\u00f1o la tem\u00e1tica es el Mundial de F\u00fatbol. Cada grado represent\u00f3 a un pa\u00eds participante de la cita mundialista y desfil\u00f3 con sus colores.<\/p><p>Despu\u00e9s del desfile, vivimos un gran acto cultural: danzas preparadas por nuestros estudiantes, la interpretaci\u00f3n de Colombia Tierra Querida, y una presentaci\u00f3n de porristas que encendi\u00f3 el \u00e1nimo.<\/p><p>Para cerrar, rod\u00f3 el bal\u00f3n. Se jugaron dos partidos de f\u00fatbol de sal\u00f3n: docentes contra grado 11-2, y grado 10-1 contra 10-2.<\/p><p>As\u00ed arrancan oficialmente nuestras justas deportivas. Este 2026 competiremos en f\u00fatbol de sal\u00f3n, atletismo, baloncesto, voleibol, ajedrez, patinaje, tenis de mesa y f\u00fatbol 11.<\/p><p>\u00a1Que gane el mejor y que reine el juego limpio!<\/p>\t\t\t\t\t\t\t\t<\/div>\n\t\t\t\t<\/div>\n\t\t\t\t\t<\/div>\n\t\t<\/div>\n\t\t\t\t<div class=\"elementor-column elementor-col-50 elementor-inner-column elementor-element elementor-element-5e76e5b\" data-id=\"5e76e5b\" data-element_type=\"column\" data-e-type=\"column\">\n\t\t\t<div class=\"elementor-widget-wrap elementor-element-populated\">\n\t\t\t\t\t\t<div class=\"elementor-element elementor-element-6b53291 elementor-widget elementor-widget-video\" data-id=\"6b53291\" data-element_type=\"widget\" data-e-type=\"widget\" data-settings=\"{&quot;video_type&quot;:&quot;hosted&quot;,&quot;controls&quot;:&quot;yes&quot;}\" data-widget_type=\"video.default\">\n\t\t\t\t<div class=\"elementor-widget-container\">\n\t\t\t\t\t\t\t<div class=\"e-hosted-video elementor-wrapper elementor-open-inline\">\n\t\t\t\t\t<video class=\"elementor-video\" src=\"https:\/\/iepvaguacari.edu.co\/wp-content\/uploads\/2026\/05\/JUEGOS-INTERAULAS-2026.mp4\" controls=\"\" preload=\"metadata\" controlsList=\"nodownload\"><\/video>\n\t\t\t\t<\/div>\n\t\t\t\t\t\t<\/div>\n\t\t\t\t<\/div>\n\t\t\t\t\t<\/div>\n\t\t<\/div>\n\t\t\t\t\t<\/div>\n\t\t<\/section>\n\t\t\t\t\t<\/div>\n\t\t<\/div>\n\t\t\t\t\t<\/div>\n\t\t<\/section>\n\t\t\t\t<\/div>\n\t\t","protected":false},"excerpt":{"rendered":"<p>JUEGOS INTERAULAS 2026 El pasado jueves 30 de abril, la Instituci\u00f3n Educativa Pedro Vicente Abad\u00eda dio inicio a los Juegos Inter Aulas 2026. Este a\u00f1o la tem\u00e1tica es el Mundial de F\u00fatbol. Cada grado represent\u00f3 a un pa\u00eds participante de la cita mundialista y desfil\u00f3 con sus colores. Despu\u00e9s del desfile, vivimos un gran acto [&hellip;]<\/p>\n","protected":false},"author":1,"featured_media":0,"parent":0,"menu_order":0,"comment_status":"closed","ping_status":"closed","template":"","meta":{"footnotes":""},"class_list":["post-257","page","type-page","status-publish","hentry"],"_links":{"self":[{"href":"https:\/\/iepvaguacari.edu.co\/index.php?rest_route=\/wp\/v2\/pages\/257","targetHints":{"allow":["GET"]}}],"collection":[{"href":"https:\/\/iepvaguacari.edu.co\/index.php?rest_route=\/wp\/v2\/pages"}],"about":[{"href":"https:\/\/iepvaguacari.edu.co\/index.php?rest_route=\/wp\/v2\/types\/page"}],"author":[{"embeddable":true,"href":"https:\/\/iepvaguacari.edu.co\/index.php?rest_route=\/wp\/v2\/users\/1"}],"replies":[{"embeddable":true,"href":"https:\/\/iepvaguacari.edu.co\/index.php?rest_route=%2Fwp%2Fv2%2Fcomments&post=257"}],"version-history":[{"count":7,"href":"https:\/\/iepvaguacari.edu.co\/index.php?rest_route=\/wp\/v2\/pages\/257\/revisions"}],"predecessor-version":[{"id":1639,"href":"https:\/\/iepvaguacari.edu.co\/index.php?rest_route=\/wp\/v2\/pages\/257\/revisions\/1639"}],"wp:attachment":[{"href":"https:\/\/iepvaguacari.edu.co\/index.php?rest_route=%2Fwp%2Fv2%2Fmedia&parent=257"}],"curies":[{"name":"wp","href":"https:\/\/api.w.org\/{rel}","templated":true}]}}